{"id":8394,"date":"2020-05-07T06:40:48","date_gmt":"2020-05-07T06:40:48","guid":{"rendered":"https:\/\/www.gavias-theme.com\/wp\/indutri\/?page_id=8394"},"modified":"2023-09-16T05:41:08","modified_gmt":"2023-09-16T05:41:08","slug":"services","status":"publish","type":"page","link":"https:\/\/sunwinggeneral.ae\/tr\/services\/","title":{"rendered":"\u00dcr\u00fcnler"},"content":{"rendered":"<div data-elementor-type=\"wp-page\" data-elementor-id=\"8394\" class=\"elementor elementor-8394\" data-elementor-post-type=\"page\">\n\t\t\t\t\t\t<section class=\"elementor-section elementor-top-section elementor-element elementor-element-bf50e4a elementor-section-boxed elementor-section-height-default elementor-section-height-default\" data-id=\"bf50e4a\" data-element_type=\"section\">\n\t\t\t\t\t\t<div class=\"elementor-container elementor-column-gap-default\">\n\t\t\t\t\t<div class=\"elementor-column elementor-col-100 elementor-top-column elementor-element elementor-element-a2d7d0e top column-style-top\" data-id=\"a2d7d0e\" data-element_type=\"column\">\n\t\t\t<div class=\"elementor-widget-wrap elementor-element-populated\">\n\t\t\t\t\t\t<div class=\"elementor-element elementor-element-27752d4 elementor-widget elementor-widget-gva-heading-block\" data-id=\"27752d4\" data-element_type=\"widget\" data-widget_type=\"gva-heading-block.default\">\n\t\t\t\t<div class=\"elementor-widget-container\">\n\t\t\t\t\t<div class=\"gva-element-gva-heading-block gva-element\">   <div class=\"align-center style-1 widget gsc-heading box-align-left\">\r\n      <div class=\"content-inner\">\r\n         \r\n                  \r\n                     <div class=\"clearfix\"><div class=\"sub-title\"><span>Harika \u00dcr\u00fcnler<\/span><\/div><\/div>\r\n           \r\n         \r\n                     <h2 class=\"title\">\r\n               <span>SunWing \u00dcr\u00fcnleri<\/span>\r\n            <\/h2>\r\n                  \r\n         \r\n      <\/div>\r\n   <\/div>\r\n   <div class=\"clearfix\"><\/div>\r\n<\/div>\t\t\t\t<\/div>\n\t\t\t\t<\/div>\n\t\t\t\t<div class=\"elementor-element elementor-element-232d9c7 elementor-widget elementor-widget-gva-services\" data-id=\"232d9c7\" data-element_type=\"widget\" data-widget_type=\"gva-services.default\">\n\t\t\t\t<div class=\"elementor-widget-container\">\n\t\t\t\t\t<div class=\"gva-element-gva-services gva-element\">  \r\n  <div class=\"gva-services-grid clearfix gva-services\">\r\n      <div class=\"gva-content-items\"> \r\n        <div class=\"lg-block-grid-3 md-block-grid-3 sm-block-grid-2 xs-block-grid-1 xx-block-grid-1\">\r\n          <div class=\"item-columns\"><div class=\"item\">\r\n   <div class=\"service-item-v2\">     \r\n      \r\n      <div class=\"service-image\">\r\n         <img fetchpriority=\"high\" decoding=\"async\" width=\"600\" height=\"600\" src=\"https:\/\/sunwinggeneral.ae\/wp-content\/uploads\/2023\/09\/kartony24-papier-pakowy-75cmx50m-01-e1696054442137-600x600.jpg\" class=\"attachment-medium size-medium wp-post-image\" alt=\"\" srcset=\"https:\/\/sunwinggeneral.ae\/wp-content\/uploads\/2023\/09\/kartony24-papier-pakowy-75cmx50m-01-e1696054442137-600x600.jpg 600w, https:\/\/sunwinggeneral.ae\/wp-content\/uploads\/2023\/09\/kartony24-papier-pakowy-75cmx50m-01-e1696054442137-180x180.jpg 180w, https:\/\/sunwinggeneral.ae\/wp-content\/uploads\/2023\/09\/kartony24-papier-pakowy-75cmx50m-01-e1696054442137-24x24.jpg 24w, https:\/\/sunwinggeneral.ae\/wp-content\/uploads\/2023\/09\/kartony24-papier-pakowy-75cmx50m-01-e1696054442137-48x48.jpg 48w, https:\/\/sunwinggeneral.ae\/wp-content\/uploads\/2023\/09\/kartony24-papier-pakowy-75cmx50m-01-e1696054442137-96x96.jpg 96w, https:\/\/sunwinggeneral.ae\/wp-content\/uploads\/2023\/09\/kartony24-papier-pakowy-75cmx50m-01-e1696054442137-150x150.jpg 150w, https:\/\/sunwinggeneral.ae\/wp-content\/uploads\/2023\/09\/kartony24-papier-pakowy-75cmx50m-01-e1696054442137-300x300.jpg 300w\" sizes=\"(max-width: 600px) 100vw, 600px\" \/>                     <div class=\"service-icon\">\r\n               <img decoding=\"async\" src=\"https:\/\/sunwinggeneral.ae\/wp-content\/uploads\/2023\/09\/kartony24-papier-pakowy-75cmx50m-01-e1696054442137-180x180.jpg\" alt=\"Paper Products ( Kraft paper, Card board)\" \/>            <\/div> \r\n               <\/div>   \r\n\r\n      <div class=\"service-content\">\r\n         <div class=\"content-inner\">\r\n            <h3 class=\"title\">\r\n               <a href=\"https:\/\/sunwinggeneral.ae\/tr\/service\/paper-products-kraft-paper-card-board\/\">Ka\u011f\u0131t \u00dcr\u00fcnleri (Kraft Ka\u011f\u0131t, Karton)<\/a>\r\n            <\/h3>\r\n            <div class=\"desc\"><\/div> \r\n            <div class=\"readmore\">\r\n               <a class=\"btn-inline\" href=\"https:\/\/sunwinggeneral.ae\/tr\/service\/paper-products-kraft-paper-card-board\/\"><span>Read More<\/span><\/a>\r\n            <\/div>\r\n         <\/div>    \r\n      <\/div>\r\n   <\/div>\r\n<\/div><\/div><div class=\"item-columns\"><div class=\"item\">\r\n   <div class=\"service-item-v2\">     \r\n      \r\n      <div class=\"service-image\">\r\n         <img decoding=\"async\" width=\"600\" height=\"600\" src=\"https:\/\/sunwinggeneral.ae\/wp-content\/uploads\/2023\/09\/box-ready-product-packaging-stack-folded-corrugated-cardboard-sheets-table_334328-695-e1696054311865-600x600.jpg\" class=\"attachment-medium size-medium wp-post-image\" alt=\"\" srcset=\"https:\/\/sunwinggeneral.ae\/wp-content\/uploads\/2023\/09\/box-ready-product-packaging-stack-folded-corrugated-cardboard-sheets-table_334328-695-e1696054311865-600x600.jpg 600w, https:\/\/sunwinggeneral.ae\/wp-content\/uploads\/2023\/09\/box-ready-product-packaging-stack-folded-corrugated-cardboard-sheets-table_334328-695-e1696054311865-180x180.jpg 180w, https:\/\/sunwinggeneral.ae\/wp-content\/uploads\/2023\/09\/box-ready-product-packaging-stack-folded-corrugated-cardboard-sheets-table_334328-695-e1696054311865-24x24.jpg 24w, https:\/\/sunwinggeneral.ae\/wp-content\/uploads\/2023\/09\/box-ready-product-packaging-stack-folded-corrugated-cardboard-sheets-table_334328-695-e1696054311865-48x48.jpg 48w, https:\/\/sunwinggeneral.ae\/wp-content\/uploads\/2023\/09\/box-ready-product-packaging-stack-folded-corrugated-cardboard-sheets-table_334328-695-e1696054311865-96x96.jpg 96w, https:\/\/sunwinggeneral.ae\/wp-content\/uploads\/2023\/09\/box-ready-product-packaging-stack-folded-corrugated-cardboard-sheets-table_334328-695-e1696054311865-150x150.jpg 150w, https:\/\/sunwinggeneral.ae\/wp-content\/uploads\/2023\/09\/box-ready-product-packaging-stack-folded-corrugated-cardboard-sheets-table_334328-695-e1696054311865-300x300.jpg 300w\" sizes=\"(max-width: 600px) 100vw, 600px\" \/>                     <div class=\"service-icon\">\r\n               <img decoding=\"async\" src=\"https:\/\/sunwinggeneral.ae\/wp-content\/uploads\/2023\/09\/box-ready-product-packaging-stack-folded-corrugated-cardboard-sheets-table_334328-695-e1696054311865-180x180.jpg\" alt=\"Packaging Material (Carton Boxes)\" \/>            <\/div> \r\n               <\/div>   \r\n\r\n      <div class=\"service-content\">\r\n         <div class=\"content-inner\">\r\n            <h3 class=\"title\">\r\n               <a href=\"https:\/\/sunwinggeneral.ae\/tr\/service\/packaging-material-carton-boxes\/\">Ambalaj Malzemesi (Karton Kutular)<\/a>\r\n            <\/h3>\r\n            <div class=\"desc\"><\/div> \r\n            <div class=\"readmore\">\r\n               <a class=\"btn-inline\" href=\"https:\/\/sunwinggeneral.ae\/tr\/service\/packaging-material-carton-boxes\/\"><span>Read More<\/span><\/a>\r\n            <\/div>\r\n         <\/div>    \r\n      <\/div>\r\n   <\/div>\r\n<\/div><\/div><div class=\"item-columns\"><div class=\"item\">\r\n   <div class=\"service-item-v2\">     \r\n      \r\n      <div class=\"service-image\">\r\n         <img decoding=\"async\" width=\"600\" height=\"600\" src=\"https:\/\/sunwinggeneral.ae\/wp-content\/uploads\/2023\/09\/Bedroom-5-scaled-1-e1696053947893-600x600.jpg\" class=\"attachment-medium size-medium wp-post-image\" alt=\"\" srcset=\"https:\/\/sunwinggeneral.ae\/wp-content\/uploads\/2023\/09\/Bedroom-5-scaled-1-e1696053947893-600x600.jpg 600w, https:\/\/sunwinggeneral.ae\/wp-content\/uploads\/2023\/09\/Bedroom-5-scaled-1-e1696053947893-180x180.jpg 180w, https:\/\/sunwinggeneral.ae\/wp-content\/uploads\/2023\/09\/Bedroom-5-scaled-1-e1696053947893-24x24.jpg 24w, https:\/\/sunwinggeneral.ae\/wp-content\/uploads\/2023\/09\/Bedroom-5-scaled-1-e1696053947893-48x48.jpg 48w, https:\/\/sunwinggeneral.ae\/wp-content\/uploads\/2023\/09\/Bedroom-5-scaled-1-e1696053947893-96x96.jpg 96w, https:\/\/sunwinggeneral.ae\/wp-content\/uploads\/2023\/09\/Bedroom-5-scaled-1-e1696053947893-150x150.jpg 150w, https:\/\/sunwinggeneral.ae\/wp-content\/uploads\/2023\/09\/Bedroom-5-scaled-1-e1696053947893-300x300.jpg 300w\" sizes=\"(max-width: 600px) 100vw, 600px\" \/>                     <div class=\"service-icon\">\r\n               <img decoding=\"async\" src=\"https:\/\/sunwinggeneral.ae\/wp-content\/uploads\/2023\/09\/Bedroom-5-scaled-1-e1696053947893-180x180.jpg\" alt=\"Furniture\" \/>            <\/div> \r\n               <\/div>   \r\n\r\n      <div class=\"service-content\">\r\n         <div class=\"content-inner\">\r\n            <h3 class=\"title\">\r\n               <a href=\"https:\/\/sunwinggeneral.ae\/tr\/service\/furniture\/\">Mobilya<\/a>\r\n            <\/h3>\r\n            <div class=\"desc\"><\/div> \r\n            <div class=\"readmore\">\r\n               <a class=\"btn-inline\" href=\"https:\/\/sunwinggeneral.ae\/tr\/service\/furniture\/\"><span>Read More<\/span><\/a>\r\n            <\/div>\r\n         <\/div>    \r\n      <\/div>\r\n   <\/div>\r\n<\/div><\/div><div class=\"item-columns\"><div class=\"item\">\r\n   <div class=\"service-item-v2\">     \r\n      \r\n      <div class=\"service-image\">\r\n         <img loading=\"lazy\" decoding=\"async\" width=\"600\" height=\"600\" src=\"https:\/\/sunwinggeneral.ae\/wp-content\/uploads\/2023\/09\/csm_FGR_PWZ_Header_bda558c0f9-e1696054098754-600x600.jpg\" class=\"attachment-medium size-medium wp-post-image\" alt=\"\" srcset=\"https:\/\/sunwinggeneral.ae\/wp-content\/uploads\/2023\/09\/csm_FGR_PWZ_Header_bda558c0f9-e1696054098754-600x600.jpg 600w, https:\/\/sunwinggeneral.ae\/wp-content\/uploads\/2023\/09\/csm_FGR_PWZ_Header_bda558c0f9-e1696054098754-180x180.jpg 180w, https:\/\/sunwinggeneral.ae\/wp-content\/uploads\/2023\/09\/csm_FGR_PWZ_Header_bda558c0f9-e1696054098754-24x24.jpg 24w, https:\/\/sunwinggeneral.ae\/wp-content\/uploads\/2023\/09\/csm_FGR_PWZ_Header_bda558c0f9-e1696054098754-48x48.jpg 48w, https:\/\/sunwinggeneral.ae\/wp-content\/uploads\/2023\/09\/csm_FGR_PWZ_Header_bda558c0f9-e1696054098754-96x96.jpg 96w, https:\/\/sunwinggeneral.ae\/wp-content\/uploads\/2023\/09\/csm_FGR_PWZ_Header_bda558c0f9-e1696054098754-150x150.jpg 150w, https:\/\/sunwinggeneral.ae\/wp-content\/uploads\/2023\/09\/csm_FGR_PWZ_Header_bda558c0f9-e1696054098754-300x300.jpg 300w\" sizes=\"(max-width: 600px) 100vw, 600px\" \/>                     <div class=\"service-icon\">\r\n               <img decoding=\"async\" src=\"https:\/\/sunwinggeneral.ae\/wp-content\/uploads\/2023\/09\/csm_FGR_PWZ_Header_bda558c0f9-e1696054098754-180x180.jpg\" alt=\"Cutting Tools\" \/>            <\/div> \r\n               <\/div>   \r\n\r\n      <div class=\"service-content\">\r\n         <div class=\"content-inner\">\r\n            <h3 class=\"title\">\r\n               <a href=\"https:\/\/sunwinggeneral.ae\/tr\/service\/cutting-tools\/\">Kesici Tak\u0131mlar<\/a>\r\n            <\/h3>\r\n            <div class=\"desc\"><\/div> \r\n            <div class=\"readmore\">\r\n               <a class=\"btn-inline\" href=\"https:\/\/sunwinggeneral.ae\/tr\/service\/cutting-tools\/\"><span>Read More<\/span><\/a>\r\n            <\/div>\r\n         <\/div>    \r\n      <\/div>\r\n   <\/div>\r\n<\/div><\/div><div class=\"item-columns\"><div class=\"item\">\r\n   <div class=\"service-item-v2\">     \r\n      \r\n      <div class=\"service-image\">\r\n         <img loading=\"lazy\" decoding=\"async\" width=\"600\" height=\"600\" src=\"https:\/\/sunwinggeneral.ae\/wp-content\/uploads\/2023\/09\/Mobile-construction-cranes-with-yellow-telescopic-arms-and-big-tower-cranes-in-sunny-day-with-white-clouds-and-deep-blue-sky-on-background-600x600.jpg\" class=\"attachment-medium size-medium wp-post-image\" alt=\"\" srcset=\"https:\/\/sunwinggeneral.ae\/wp-content\/uploads\/2023\/09\/Mobile-construction-cranes-with-yellow-telescopic-arms-and-big-tower-cranes-in-sunny-day-with-white-clouds-and-deep-blue-sky-on-background-600x600.jpg 600w, https:\/\/sunwinggeneral.ae\/wp-content\/uploads\/2023\/09\/Mobile-construction-cranes-with-yellow-telescopic-arms-and-big-tower-cranes-in-sunny-day-with-white-clouds-and-deep-blue-sky-on-background-180x180.jpg 180w, https:\/\/sunwinggeneral.ae\/wp-content\/uploads\/2023\/09\/Mobile-construction-cranes-with-yellow-telescopic-arms-and-big-tower-cranes-in-sunny-day-with-white-clouds-and-deep-blue-sky-on-background-300x300.jpg 300w, https:\/\/sunwinggeneral.ae\/wp-content\/uploads\/2023\/09\/Mobile-construction-cranes-with-yellow-telescopic-arms-and-big-tower-cranes-in-sunny-day-with-white-clouds-and-deep-blue-sky-on-background-24x24.jpg 24w, https:\/\/sunwinggeneral.ae\/wp-content\/uploads\/2023\/09\/Mobile-construction-cranes-with-yellow-telescopic-arms-and-big-tower-cranes-in-sunny-day-with-white-clouds-and-deep-blue-sky-on-background-48x48.jpg 48w, https:\/\/sunwinggeneral.ae\/wp-content\/uploads\/2023\/09\/Mobile-construction-cranes-with-yellow-telescopic-arms-and-big-tower-cranes-in-sunny-day-with-white-clouds-and-deep-blue-sky-on-background-96x96.jpg 96w, https:\/\/sunwinggeneral.ae\/wp-content\/uploads\/2023\/09\/Mobile-construction-cranes-with-yellow-telescopic-arms-and-big-tower-cranes-in-sunny-day-with-white-clouds-and-deep-blue-sky-on-background-150x150.jpg 150w\" sizes=\"(max-width: 600px) 100vw, 600px\" \/>                     <div class=\"service-icon\">\r\n               <img decoding=\"async\" src=\"https:\/\/sunwinggeneral.ae\/wp-content\/uploads\/2023\/09\/Mobile-construction-cranes-with-yellow-telescopic-arms-and-big-tower-cranes-in-sunny-day-with-white-clouds-and-deep-blue-sky-on-background-180x180.jpg\" alt=\"Telescopic Cranes\" \/>            <\/div> \r\n               <\/div>   \r\n\r\n      <div class=\"service-content\">\r\n         <div class=\"content-inner\">\r\n            <h3 class=\"title\">\r\n               <a href=\"https:\/\/sunwinggeneral.ae\/tr\/service\/telescopic-cranes\/\">Teleskopik Vin\u00e7ler<\/a>\r\n            <\/h3>\r\n            <div class=\"desc\"><\/div> \r\n            <div class=\"readmore\">\r\n               <a class=\"btn-inline\" href=\"https:\/\/sunwinggeneral.ae\/tr\/service\/telescopic-cranes\/\"><span>Read More<\/span><\/a>\r\n            <\/div>\r\n         <\/div>    \r\n      <\/div>\r\n   <\/div>\r\n<\/div><\/div><div class=\"item-columns\"><div class=\"item\">\r\n   <div class=\"service-item-v2\">     \r\n      \r\n      <div class=\"service-image\">\r\n         <img loading=\"lazy\" decoding=\"async\" width=\"600\" height=\"600\" src=\"https:\/\/sunwinggeneral.ae\/wp-content\/uploads\/2023\/09\/aerial-lift-101_1200x-600x600.webp\" class=\"attachment-medium size-medium wp-post-image\" alt=\"\" srcset=\"https:\/\/sunwinggeneral.ae\/wp-content\/uploads\/2023\/09\/aerial-lift-101_1200x-600x600.webp 600w, https:\/\/sunwinggeneral.ae\/wp-content\/uploads\/2023\/09\/aerial-lift-101_1200x-180x180.webp 180w, https:\/\/sunwinggeneral.ae\/wp-content\/uploads\/2023\/09\/aerial-lift-101_1200x-300x300.webp 300w, https:\/\/sunwinggeneral.ae\/wp-content\/uploads\/2023\/09\/aerial-lift-101_1200x-24x24.webp 24w, https:\/\/sunwinggeneral.ae\/wp-content\/uploads\/2023\/09\/aerial-lift-101_1200x-48x48.webp 48w, https:\/\/sunwinggeneral.ae\/wp-content\/uploads\/2023\/09\/aerial-lift-101_1200x-96x96.webp 96w, https:\/\/sunwinggeneral.ae\/wp-content\/uploads\/2023\/09\/aerial-lift-101_1200x-150x150.webp 150w\" sizes=\"(max-width: 600px) 100vw, 600px\" \/>                     <div class=\"service-icon\">\r\n               <img decoding=\"async\" src=\"https:\/\/sunwinggeneral.ae\/wp-content\/uploads\/2023\/09\/aerial-lift-101_1200x-180x180.webp\" alt=\"Man lifters; Sky lifters\" \/>            <\/div> \r\n               <\/div>   \r\n\r\n      <div class=\"service-content\">\r\n         <div class=\"content-inner\">\r\n            <h3 class=\"title\">\r\n               <a href=\"https:\/\/sunwinggeneral.ae\/tr\/service\/man-lifters-sky-lifters\/\">\u0130nsan kald\u0131r\u0131c\u0131lar; G\u00f6ky\u00fcz\u00fc kald\u0131r\u0131c\u0131lar\u0131<\/a>\r\n            <\/h3>\r\n            <div class=\"desc\"><\/div> \r\n            <div class=\"readmore\">\r\n               <a class=\"btn-inline\" href=\"https:\/\/sunwinggeneral.ae\/tr\/service\/man-lifters-sky-lifters\/\"><span>Read More<\/span><\/a>\r\n            <\/div>\r\n         <\/div>    \r\n      <\/div>\r\n   <\/div>\r\n<\/div><\/div>        <\/div>\r\n      <\/div>\r\n                <div class=\"pagination\">\r\n              <div class=\"column one pager_wrapper\"><div class=\"pager\"><div class=\"paginations\"><a href=\"https:\/\/sunwinggeneral.ae\/tr\/wp-json\/wp\/v2\/pages\/8394\/\" class=\"page-item active\">1<\/a><a href=\"https:\/\/sunwinggeneral.ae\/tr\/wp-json\/wp\/v2\/pages\/8394\/page\/2\/\" class=\"page-item\">2<\/a><a href=\"https:\/\/sunwinggeneral.ae\/tr\/wp-json\/wp\/v2\/pages\/8394\/page\/3\/\" class=\"page-item\">3<\/a><a class=\"next_page\" href=\"https:\/\/sunwinggeneral.ae\/tr\/wp-json\/wp\/v2\/pages\/8394\/page\/2\/\"><i class=\"fas fa-chevron-right\"><\/i><\/a><\/div><\/div><\/div>\n          <\/div>\r\n        <\/div>\r\n  <\/div>\t\t\t\t<\/div>\n\t\t\t\t<\/div>\n\t\t\t\t\t<\/div>\n\t\t<\/div>\n\t\t\t\t\t<\/div>\n\t\t<\/section>\n\t\t\t\t<\/div>","protected":false},"excerpt":{"rendered":"<p>Awesome Products SunWing Products Telescopic Cranes Read More Man lifters; Sky lifters Read More Dump Trucks Read More Trenchers Read More Food Stuff Read More Motors Graders Read More 12<\/p>","protected":false},"author":8,"featured_media":0,"parent":0,"menu_order":0,"comment_status":"closed","ping_status":"closed","template":"","meta":{"footnotes":""},"class_list":["post-8394","page","type-page","status-publish","hentry"],"_links":{"self":[{"href":"https:\/\/sunwinggeneral.ae\/tr\/wp-json\/wp\/v2\/pages\/8394","targetHints":{"allow":["GET"]}}],"collection":[{"href":"https:\/\/sunwinggeneral.ae\/tr\/wp-json\/wp\/v2\/pages"}],"about":[{"href":"https:\/\/sunwinggeneral.ae\/tr\/wp-json\/wp\/v2\/types\/page"}],"author":[{"embeddable":true,"href":"https:\/\/sunwinggeneral.ae\/tr\/wp-json\/wp\/v2\/users\/8"}],"replies":[{"embeddable":true,"href":"https:\/\/sunwinggeneral.ae\/tr\/wp-json\/wp\/v2\/comments?post=8394"}],"version-history":[{"count":5,"href":"https:\/\/sunwinggeneral.ae\/tr\/wp-json\/wp\/v2\/pages\/8394\/revisions"}],"predecessor-version":[{"id":10962,"href":"https:\/\/sunwinggeneral.ae\/tr\/wp-json\/wp\/v2\/pages\/8394\/revisions\/10962"}],"wp:attachment":[{"href":"https:\/\/sunwinggeneral.ae\/tr\/wp-json\/wp\/v2\/media?parent=8394"}],"curies":[{"name":"wp","href":"https:\/\/api.w.org\/{rel}","templated":true}]}}